{"id":11881,"date":"2025-08-09T11:40:28","date_gmt":"2025-08-09T10:40:28","guid":{"rendered":"https:\/\/sahabdrive.com\/?page_id=11881"},"modified":"2025-08-12T20:46:17","modified_gmt":"2025-08-12T19:46:17","slug":"download","status":"publish","type":"page","link":"https:\/\/sahabdrive.com\/fr\/download\/","title":{"rendered":"T\u00e9l\u00e9chargement"},"content":{"rendered":"<div data-elementor-type=\"wp-page\" data-elementor-id=\"11881\" class=\"elementor elementor-11881\">\n\t\t\t\t<div data-pxl-sticky=\"true\" data-sticky-mode=\"bottom\" data-sticky-offset=\"30\" data-trigger-position=\"700\" data-ft-hide=\"90\" class=\"pxl-sticky-container elementor-element elementor-element-2cdd363 elementor-hidden-mobile e-flex e-con-boxed e-con e-parent\" data-id=\"2cdd363\" data-element_type=\"container\">\t\t\t<div class=\"e-con-inner\">\r\n\t\t\t\t<div class=\"elementor-element elementor-element-5ce688b elementor-widget elementor-widget-pxl_link\" data-id=\"5ce688b\" data-element_type=\"widget\" data-widget_type=\"pxl_link.default\">\n\t\t\t\t<div class=\"elementor-widget-container\">\n\t\t\t\t\t<div class=\"pxl-link pxl-link__menu-sticky pxl-link__horizontal\" data-wow-delay=\"ms\">\r\n                <ul id=\"pxl-link-pxl_link-5ce688b-7963\" class=\"pxl-link__wrap\">\r\n                                <li class=\"pxl-link__item   active\"  data-onepage-offset=\"-300\" >\r\n                        <a href=\"#highlight\">\r\n                                                        <span class=\"pxl-link--text\">Highlights<\/span>\r\n                        <\/a>\r\n                    <\/li>\r\n                                <li class=\"pxl-link__item\"  data-onepage-offset=\"-100\" >\r\n                        <a href=\"#our-story\">\r\n                                                        <span class=\"pxl-link--text\">Notre histoire<\/span>\r\n                        <\/a>\r\n                    <\/li>\r\n                                <li class=\"pxl-link__item\"  data-onepage-offset=\"-100\" >\r\n                        <a href=\"#team\">\r\n                                                        <span class=\"pxl-link--text\">Equipe<\/span>\r\n                        <\/a>\r\n                    <\/li>\r\n                                <li class=\"pxl-link__item\"  data-onepage-offset=\"-100\" >\r\n                        <a href=\"#join-us\">\r\n                                                        <span class=\"pxl-link--text\">Join Us<\/span>\r\n                        <\/a>\r\n                    <\/li>\r\n                    <\/ul>\r\n    <\/div>\r\n\t\t\t\t<\/div>\n\t\t\t\t<\/div>\n\t\t\t\t\t<\/div>\r\n\t\t\t\t<\/div>\r\n\t\t<div class=\"elementor-element elementor-element-249994e e-flex e-con-boxed e-con e-parent\" data-id=\"249994e\" data-element_type=\"container\" data-settings=\"{&quot;background_background&quot;:&quot;classic&quot;}\">\t\t\t<div class=\"e-con-inner\">\r\n\t\t<div class=\"elementor-element elementor-element-a35360e e-con-full e-flex e-con e-child\" data-id=\"a35360e\" data-element_type=\"container\" data-settings=\"{&quot;background_background&quot;:&quot;classic&quot;}\">\t\t<div class=\"elementor-element elementor-element-f554d36 elementor-widget elementor-widget-pxl_heading\" data-id=\"f554d36\" data-element_type=\"widget\" data-widget_type=\"pxl_heading.default\">\n\t\t\t\t<div class=\"elementor-widget-container\">\n\t\t\t\t\t\r\n<div id=\"pxl-pxl_heading-f554d36-4618\" class=\"pxl-heading\">\r\n\t<div class=\"pxl-heading__inner\">\r\n\t\t\t\t\t<div class=\"pxl-heading__sub pxl-heading__sub-slogan  pxl-heading__sub-center\" data-wow-delay=\"ms\">\r\n\t\t\t\t\t\t\t\t\t<span class=\"pxl-heading__sub-slogan--bef\">\r\n\t\t\t\t\t\tBureau\t\t\t\t\t<\/span>\r\n\t\t\t\t\r\n\t\t\t\t\t\t\t\t\t<span class=\"pxl-heading__sub-slogan--aft\">\r\n\t\t\t\t\t\tClients de synchronisation\t\t\t\t\t<\/span>\r\n\t\t\t\t\t<svg xmlns=\"http:\/\/www.w3.org\/2000\/svg\" width=\"16\" height=\"16\" viewbox=\"0 0 16 16\" fill=\"none\">\r\n\t\t\t\t\t\t<path d=\"M9.62012 3.95312L13.6668 7.99979L9.62012 12.0465\" stroke=\"#181D27\" stroke-width=\"1.33333\" stroke-miterlimit=\"10\" stroke-linecap=\"round\" stroke-linejoin=\"round\"\/>\r\n\t\t\t\t\t\t<path d=\"M2.33398 8H13.554\" stroke=\"#181D27\" stroke-width=\"1.33333\" stroke-miterlimit=\"10\" stroke-linecap=\"round\" stroke-linejoin=\"round\"\/>\r\n\t\t\t\t\t<\/svg>\r\n\t\t\t\t\t\t\t\t\r\n\t\t\t<\/div>\r\n\t\t\t\r\n\r\n\t\t<h3 class=\"pxl-heading__title pxl-heading__style-default pxl-heading__highlight-default\" data-wow-delay=\"ms\" >\r\n\t\t<span class=\"pxl-heading__text\">\r\n\t\t\t\t\t\t\t\t\r\n\t\t\t\t\r\n\t\t<\/span>\r\n\t\t<\/h3>\r\n\t<\/div>\r\n\t\r\n<\/div>\t\t\t\t<\/div>\n\t\t\t\t<\/div>\n\t\t\t\t<\/div>\r\n\t\t<div class=\"elementor-element elementor-element-82fd304 e-con-full e-flex e-con e-child\" data-id=\"82fd304\" data-element_type=\"container\" data-settings=\"{&quot;background_background&quot;:&quot;classic&quot;}\"><div class=\"elementor-element elementor-element-f0b0c0d e-con-full e-flex e-con e-child\" data-id=\"f0b0c0d\" data-element_type=\"container\">\t\t<div class=\"elementor-element elementor-element-8dde487 elementor-widget elementor-widget-pxl_heading\" data-id=\"8dde487\" data-element_type=\"widget\" data-widget_type=\"pxl_heading.default\">\n\t\t\t\t<div class=\"elementor-widget-container\">\n\t\t\t\t\t\r\n<div id=\"pxl-pxl_heading-8dde487-4724\" class=\"pxl-heading\">\r\n\t<div class=\"pxl-heading__inner\">\r\n\t\t\t\r\n\r\n\t\t<h3 class=\"pxl-heading__title pxl-heading__style-default pxl-heading__highlight-default\" data-wow-delay=\"ms\" >\r\n\t\t<span class=\"pxl-heading__text\">\r\n\t\t\t\t\t\t\tSynchronisation puissante, directement sur votre bureau\t\r\n\t\t\t\t\r\n\t\t<\/span>\r\n\t\t<\/h3>\r\n\t<\/div>\r\n\t\r\n<\/div>\t\t\t\t<\/div>\n\t\t\t\t<\/div>\n\t\t\t\t<div class=\"elementor-element elementor-element-559f6f7 elementor-widget elementor-widget-pxl_text_editor\" data-id=\"559f6f7\" data-element_type=\"widget\" data-widget_type=\"pxl_text_editor.default\">\n\t\t\t\t<div class=\"elementor-widget-container\">\n\t\t\t\t\t<div class=\"pxl-text-editor\">\n\t<div class=\"pxl-text-editor__inner\" data-wow-delay=\"ms\" >\n\t\t<p data--h-bstatus=\"0OBSERVED\">Les clients bureau apportent la puissance du stockage cloud directement \u00e0 votre ordinateur. Synchronisez fichiers et dossiers de mani\u00e8re transparente sur Windows, Mac et Linux. Acc\u00e9dez, modifiez et organisez vos fichiers localement \u2014 toutes les modifications sont automatiquement mises \u00e0 jour dans le cloud. Restez productif et en contr\u00f4le, en ligne ou hors ligne.<\/p>\t\t\n\t<\/div>\n<\/div>\t\t\t\t<\/div>\n\t\t\t\t<\/div>\n\t\t\t\t<div class=\"elementor-element elementor-element-3c07629 elementor-widget elementor-widget-pxl_image\" data-id=\"3c07629\" data-element_type=\"widget\" data-widget_type=\"pxl_image.default\">\n\t\t\t\t<div class=\"elementor-widget-container\">\n\t\t\t\t\t<div id=\"pxl_image-3c07629-2451\" class=\"pxl-image pxl-disable-parallax-sm\" data-wow-delay=\"ms\"   >\r\n    <div class=\"pxl-image__inner\" data-wow-delay=\"120ms\">\r\n                \r\n                                <div class=\"pxl-image__item\"   >\r\n                                                                            <img fetchpriority=\"high\" decoding=\"async\" width=\"667\" height=\"1000\" src=\"https:\/\/sahabdrive.com\/wp-content\/uploads\/2025\/08\/office_work.jpg\" class=\"no-lazyload attachment-full\" alt=\"Office work.jpg\" \/>                                                                    <\/div>\r\n                                <\/div>\r\n<\/div>\t\t\t\t<\/div>\n\t\t\t\t<\/div>\n\t\t\t\t<\/div>\r\n\t\t<div class=\"elementor-element elementor-element-ffa3a6b e-con-full e-flex e-con e-child\" data-id=\"ffa3a6b\" data-element_type=\"container\"><div class=\"elementor-element elementor-element-43613a2 e-con-full e-flex e-con e-child\" data-id=\"43613a2\" data-element_type=\"container\">\t\t<div class=\"elementor-element elementor-element-472e003 elementor-view-default elementor-position-top elementor-mobile-position-top elementor-widget elementor-widget-icon-box\" data-id=\"472e003\" data-element_type=\"widget\" data-widget_type=\"icon-box.default\">\n\t\t\t\t\t\t\t<div class=\"elementor-icon-box-wrapper\">\n\n\t\t\t\t\t\t<div class=\"elementor-icon-box-icon\">\n\t\t\t\t<span  class=\"elementor-icon\">\n\t\t\t\t<i aria-hidden=\"true\" class=\"fab fa-windows\"><\/i>\t\t\t\t<\/span>\n\t\t\t<\/div>\n\t\t\t\n\t\t\t\t\t\t<div class=\"elementor-icon-box-content\">\n\n\t\t\t\t\t\t\t\t\t<h5 class=\"elementor-icon-box-title\">\n\t\t\t\t\t\t<span  >\n\t\t\t\t\t\t\tWindows\t\t\t\t\t\t<\/span>\n\t\t\t\t\t<\/h5>\n\t\t\t\t\n\t\t\t\t\t\t\t\t\t<p class=\"elementor-icon-box-description\">\n\t\t\t\t\t\tPour Windows 10 et Windows 11\t\t\t\t\t<\/p>\n\t\t\t\t\n\t\t\t<\/div>\n\t\t\t\n\t\t<\/div>\n\t\t\t\t\t\t<\/div>\n\t\t\t\t<div class=\"elementor-element elementor-element-5c9c15d elementor-widget elementor-widget-pxl_button\" data-id=\"5c9c15d\" data-element_type=\"widget\" data-widget_type=\"pxl_button.default\">\n\t\t\t\t<div class=\"elementor-widget-container\">\n\t\t\t\t\t<div id=\"pxl-pxl_button-5c9c15d-7194\"\r\n     class=\"pxl-button btn__link\"\r\n     data-wow-delay=\"ms\"\r\n     data-onepage-offset=\"\">\r\n        <a href=\"\/fr\/download\/client\/windows\/\"  class=\"btn  btn-glossy btn__icon-active  btn-default btn__icon-left\">\r\n                    <span class=\"btn-icon\">\r\n                <i aria-hidden=\"true\" class=\"fas fa-download\"><\/i>            <\/span>\r\n                <span class=\"btn-text\" data-text=\"Download v9.0.14\">\r\n            T\u00e9l\u00e9charger v9.0.14        <\/span>\r\n    <\/a>\r\n<\/div>\t\t\t\t<\/div>\n\t\t\t\t<\/div>\n\t\t\t\t<\/div>\r\n\t\t<div class=\"elementor-element elementor-element-969bdca e-con-full e-flex e-con e-child\" data-id=\"969bdca\" data-element_type=\"container\">\t\t<div class=\"elementor-element elementor-element-ab7a090 elementor-view-default elementor-position-top elementor-mobile-position-top elementor-widget elementor-widget-icon-box\" data-id=\"ab7a090\" data-element_type=\"widget\" data-widget_type=\"icon-box.default\">\n\t\t\t\t\t\t\t<div class=\"elementor-icon-box-wrapper\">\n\n\t\t\t\t\t\t<div class=\"elementor-icon-box-icon\">\n\t\t\t\t<span  class=\"elementor-icon\">\n\t\t\t\t<i aria-hidden=\"true\" class=\"fab fa-apple\"><\/i>\t\t\t\t<\/span>\n\t\t\t<\/div>\n\t\t\t\n\t\t\t\t\t\t<div class=\"elementor-icon-box-content\">\n\n\t\t\t\t\t\t\t\t\t<h5 class=\"elementor-icon-box-title\">\n\t\t\t\t\t\t<span  >\n\t\t\t\t\t\t\tmacOS\t\t\t\t\t\t<\/span>\n\t\t\t\t\t<\/h5>\n\t\t\t\t\n\t\t\t\t\t\t\t\t\t<p class=\"elementor-icon-box-description\">\n\t\t\t\t\t\tPour macOS 11+\t\t\t\t\t<\/p>\n\t\t\t\t\n\t\t\t<\/div>\n\t\t\t\n\t\t<\/div>\n\t\t\t\t\t\t<\/div>\n\t\t\t\t<div class=\"elementor-element elementor-element-68d88d1 elementor-widget elementor-widget-pxl_button\" data-id=\"68d88d1\" data-element_type=\"widget\" data-widget_type=\"pxl_button.default\">\n\t\t\t\t<div class=\"elementor-widget-container\">\n\t\t\t\t\t<div id=\"pxl-pxl_button-68d88d1-8360\"\r\n     class=\"pxl-button btn__link\"\r\n     data-wow-delay=\"ms\"\r\n     data-onepage-offset=\"\">\r\n        <a href=\"\/fr\/download\/client\/macos\/\"  class=\"btn  btn-glossy btn__icon-active  btn-default btn__icon-left\">\r\n                    <span class=\"btn-icon\">\r\n                <i aria-hidden=\"true\" class=\"fas fa-download\"><\/i>            <\/span>\r\n                <span class=\"btn-text\" data-text=\"Download v9.0.14\">\r\n            T\u00e9l\u00e9charger v9.0.14        <\/span>\r\n    <\/a>\r\n<\/div>\t\t\t\t<\/div>\n\t\t\t\t<\/div>\n\t\t\t\t<\/div>\r\n\t\t<div class=\"elementor-element elementor-element-2a9a705 e-con-full e-flex e-con e-child\" data-id=\"2a9a705\" data-element_type=\"container\">\t\t<div class=\"elementor-element elementor-element-981448e elementor-view-default elementor-position-top elementor-mobile-position-top elementor-widget elementor-widget-icon-box\" data-id=\"981448e\" data-element_type=\"widget\" data-widget_type=\"icon-box.default\">\n\t\t\t\t\t\t\t<div class=\"elementor-icon-box-wrapper\">\n\n\t\t\t\t\t\t<div class=\"elementor-icon-box-icon\">\n\t\t\t\t<span  class=\"elementor-icon\">\n\t\t\t\t<i aria-hidden=\"true\" class=\"fab fa-linux\"><\/i>\t\t\t\t<\/span>\n\t\t\t<\/div>\n\t\t\t\n\t\t\t\t\t\t<div class=\"elementor-icon-box-content\">\n\n\t\t\t\t\t\t\t\t\t<h5 class=\"elementor-icon-box-title\">\n\t\t\t\t\t\t<span  >\n\t\t\t\t\t\t\tLinux\t\t\t\t\t\t<\/span>\n\t\t\t\t\t<\/h5>\n\t\t\t\t\n\t\t\t\t\t\t\t\t\t<p class=\"elementor-icon-box-description\">\n\t\t\t\t\t\tPour Ubuntu\/Debian\/Fedora\t\t\t\t\t<\/p>\n\t\t\t\t\n\t\t\t<\/div>\n\t\t\t\n\t\t<\/div>\n\t\t\t\t\t\t<\/div>\n\t\t\t\t<div class=\"elementor-element elementor-element-53f2fda elementor-widget elementor-widget-pxl_button\" data-id=\"53f2fda\" data-element_type=\"widget\" data-widget_type=\"pxl_button.default\">\n\t\t\t\t<div class=\"elementor-widget-container\">\n\t\t\t\t\t<div id=\"pxl-pxl_button-53f2fda-4873\"\r\n     class=\"pxl-button btn__link\"\r\n     data-wow-delay=\"ms\"\r\n     data-onepage-offset=\"\">\r\n        <a href=\"\/fr\/download\/client\/linux\/\"  class=\"btn  btn-glossy btn__icon-active  btn-default btn__icon-left\">\r\n                    <span class=\"btn-icon\">\r\n                <i aria-hidden=\"true\" class=\"fas fa-download\"><\/i>            <\/span>\r\n                <span class=\"btn-text\" data-text=\"Download v9.0.14\">\r\n            T\u00e9l\u00e9charger v9.0.14        <\/span>\r\n    <\/a>\r\n<\/div>\t\t\t\t<\/div>\n\t\t\t\t<\/div>\n\t\t\t\t<\/div>\r\n\t\t\t\t<\/div>\r\n\t\t\t\t<\/div>\r\n\t\t<div class=\"elementor-element elementor-element-babd833 e-con-full e-flex e-con e-child\" data-id=\"babd833\" data-element_type=\"container\" data-settings=\"{&quot;background_background&quot;:&quot;classic&quot;}\">\t\t<div class=\"elementor-element elementor-element-6b85913 elementor-widget elementor-widget-pxl_heading\" data-id=\"6b85913\" data-element_type=\"widget\" data-widget_type=\"pxl_heading.default\">\n\t\t\t\t<div class=\"elementor-widget-container\">\n\t\t\t\t\t\r\n<div id=\"pxl-pxl_heading-6b85913-2017\" class=\"pxl-heading\">\r\n\t<div class=\"pxl-heading__inner\">\r\n\t\t\t\t\t<div class=\"pxl-heading__sub pxl-heading__sub-slogan  pxl-heading__sub-center\" data-wow-delay=\"ms\">\r\n\t\t\t\t\t\t\t\t\t<span class=\"pxl-heading__sub-slogan--bef\">\r\n\t\t\t\t\t\tMobile\t\t\t\t\t<\/span>\r\n\t\t\t\t\r\n\t\t\t\t\t\t\t\t\t<span class=\"pxl-heading__sub-slogan--aft\">\r\n\t\t\t\t\t\tApplications officielles\t\t\t\t\t<\/span>\r\n\t\t\t\t\t<svg xmlns=\"http:\/\/www.w3.org\/2000\/svg\" width=\"16\" height=\"16\" viewbox=\"0 0 16 16\" fill=\"none\">\r\n\t\t\t\t\t\t<path d=\"M9.62012 3.95312L13.6668 7.99979L9.62012 12.0465\" stroke=\"#181D27\" stroke-width=\"1.33333\" stroke-miterlimit=\"10\" stroke-linecap=\"round\" stroke-linejoin=\"round\"\/>\r\n\t\t\t\t\t\t<path d=\"M2.33398 8H13.554\" stroke=\"#181D27\" stroke-width=\"1.33333\" stroke-miterlimit=\"10\" stroke-linecap=\"round\" stroke-linejoin=\"round\"\/>\r\n\t\t\t\t\t<\/svg>\r\n\t\t\t\t\t\t\t\t\r\n\t\t\t<\/div>\r\n\t\t\t\r\n\r\n\t\t<h3 class=\"pxl-heading__title pxl-heading__style-default pxl-heading__highlight-default\" data-wow-delay=\"ms\" >\r\n\t\t<span class=\"pxl-heading__text\">\r\n\t\t\t\t\t\t\t\t\r\n\t\t\t\t\r\n\t\t<\/span>\r\n\t\t<\/h3>\r\n\t<\/div>\r\n\t\r\n<\/div>\t\t\t\t<\/div>\n\t\t\t\t<\/div>\n\t\t\t\t<\/div>\r\n\t\t<div class=\"elementor-element elementor-element-f38f466 e-con-full e-flex e-con e-child\" data-id=\"f38f466\" data-element_type=\"container\" data-settings=\"{&quot;background_background&quot;:&quot;classic&quot;}\"><div class=\"elementor-element elementor-element-fc6400b e-con-full e-flex e-con e-child\" data-id=\"fc6400b\" data-element_type=\"container\"><div class=\"elementor-element elementor-element-fee95a1 e-con-full e-flex e-con e-child\" data-id=\"fee95a1\" data-element_type=\"container\">\t\t<div class=\"elementor-element elementor-element-a4442b5 elementor-view-default elementor-position-top elementor-mobile-position-top elementor-widget elementor-widget-icon-box\" data-id=\"a4442b5\" data-element_type=\"widget\" data-widget_type=\"icon-box.default\">\n\t\t\t\t\t\t\t<div class=\"elementor-icon-box-wrapper\">\n\n\t\t\t\t\t\t<div class=\"elementor-icon-box-icon\">\n\t\t\t\t<span  class=\"elementor-icon\">\n\t\t\t\t<i aria-hidden=\"true\" class=\"fab fa-android\"><\/i>\t\t\t\t<\/span>\n\t\t\t<\/div>\n\t\t\t\n\t\t\t\t\t\t<div class=\"elementor-icon-box-content\">\n\n\t\t\t\t\t\t\t\t\t<h5 class=\"elementor-icon-box-title\">\n\t\t\t\t\t\t<span  >\n\t\t\t\t\t\t\tAndroid\t\t\t\t\t\t<\/span>\n\t\t\t\t\t<\/h5>\n\t\t\t\t\n\t\t\t\t\t\t\t\t\t<p class=\"elementor-icon-box-description\">\n\t\t\t\t\t\tVersion 3.0 pour Android\t\t\t\t\t<\/p>\n\t\t\t\t\n\t\t\t<\/div>\n\t\t\t\n\t\t<\/div>\n\t\t\t\t\t\t<\/div>\n\t\t\t\t<div class=\"elementor-element elementor-element-cf45f70 elementor-widget elementor-widget-pxl_button\" data-id=\"cf45f70\" data-element_type=\"widget\" data-widget_type=\"pxl_button.default\">\n\t\t\t\t<div class=\"elementor-widget-container\">\n\t\t\t\t\t<div id=\"pxl-pxl_button-cf45f70-3820\"\r\n     class=\"pxl-button btn__link\"\r\n     data-wow-delay=\"ms\"\r\n     data-onepage-offset=\"\">\r\n        <a href=\"https:\/\/play.google.com\/store\/apps\/details?id=com.seafile.seadroid2\"  class=\"btn  btn-glossy btn__icon-active  btn-default btn__icon-left\">\r\n                    <span class=\"btn-icon\">\r\n                <i aria-hidden=\"true\" class=\"fab fa-google-play\"><\/i>            <\/span>\r\n                <span class=\"btn-text\" data-text=\"Google Play Store\">\r\n            Google Play Store        <\/span>\r\n    <\/a>\r\n<\/div>\t\t\t\t<\/div>\n\t\t\t\t<\/div>\n\t\t\t\t<\/div>\r\n\t\t<div class=\"elementor-element elementor-element-dc2d905 e-con-full e-flex e-con e-child\" data-id=\"dc2d905\" data-element_type=\"container\">\t\t<div class=\"elementor-element elementor-element-8b47d42 elementor-view-default elementor-position-top elementor-mobile-position-top elementor-widget elementor-widget-icon-box\" data-id=\"8b47d42\" data-element_type=\"widget\" data-widget_type=\"icon-box.default\">\n\t\t\t\t\t\t\t<div class=\"elementor-icon-box-wrapper\">\n\n\t\t\t\t\t\t<div class=\"elementor-icon-box-icon\">\n\t\t\t\t<span  class=\"elementor-icon\">\n\t\t\t\t<i aria-hidden=\"true\" class=\"fab fa-app-store-ios\"><\/i>\t\t\t\t<\/span>\n\t\t\t<\/div>\n\t\t\t\n\t\t\t\t\t\t<div class=\"elementor-icon-box-content\">\n\n\t\t\t\t\t\t\t\t\t<h5 class=\"elementor-icon-box-title\">\n\t\t\t\t\t\t<span  >\n\t\t\t\t\t\t\tiPad &amp; iPhone\t\t\t\t\t\t<\/span>\n\t\t\t\t\t<\/h5>\n\t\t\t\t\n\t\t\t\t\t\t\t\t\t<p class=\"elementor-icon-box-description\">\n\t\t\t\t\t\tVersion 2.9 pour iOS\t\t\t\t\t<\/p>\n\t\t\t\t\n\t\t\t<\/div>\n\t\t\t\n\t\t<\/div>\n\t\t\t\t\t\t<\/div>\n\t\t\t\t<div class=\"elementor-element elementor-element-dc22727 elementor-widget elementor-widget-pxl_button\" data-id=\"dc22727\" data-element_type=\"widget\" data-widget_type=\"pxl_button.default\">\n\t\t\t\t<div class=\"elementor-widget-container\">\n\t\t\t\t\t<div id=\"pxl-pxl_button-dc22727-7439\"\r\n     class=\"pxl-button btn__link\"\r\n     data-wow-delay=\"ms\"\r\n     data-onepage-offset=\"\">\r\n        <a href=\"https:\/\/itunes.apple.com\/cn\/app\/seafile-pro\/id639202512?l=en&amp;mt=8\"  class=\"btn  btn-glossy btn__icon-active  btn-default btn__icon-left\">\r\n                    <span class=\"btn-icon\">\r\n                <i aria-hidden=\"true\" class=\"fab fa-app-store\"><\/i>            <\/span>\r\n                <span class=\"btn-text\" data-text=\"Download v9.0.14\">\r\n            T\u00e9l\u00e9charger v9.0.14        <\/span>\r\n    <\/a>\r\n<\/div>\t\t\t\t<\/div>\n\t\t\t\t<\/div>\n\t\t\t\t<\/div>\r\n\t\t\t\t<\/div>\r\n\t\t<div class=\"elementor-element elementor-element-e2272e6 e-con-full e-flex e-con e-child\" data-id=\"e2272e6\" data-element_type=\"container\">\t\t<div class=\"elementor-element elementor-element-fd0dd01 elementor-widget elementor-widget-pxl_heading\" data-id=\"fd0dd01\" data-element_type=\"widget\" data-widget_type=\"pxl_heading.default\">\n\t\t\t\t<div class=\"elementor-widget-container\">\n\t\t\t\t\t\r\n<div id=\"pxl-pxl_heading-fd0dd01-5246\" class=\"pxl-heading\">\r\n\t<div class=\"pxl-heading__inner\">\r\n\t\t\t\r\n\r\n\t\t<h3 class=\"pxl-heading__title pxl-heading__style-default pxl-heading__highlight-default\" data-wow-delay=\"ms\" >\r\n\t\t<span class=\"pxl-heading__text\">\r\n\t\t\t\t\t\t\tVotre espace de travail, en d\u00e9placement \t\r\n\t\t\t\t\r\n\t\t<\/span>\r\n\t\t<\/h3>\r\n\t<\/div>\r\n\t\r\n<\/div>\t\t\t\t<\/div>\n\t\t\t\t<\/div>\n\t\t\t\t<div class=\"elementor-element elementor-element-e6abce1 elementor-widget elementor-widget-pxl_text_editor\" data-id=\"e6abce1\" data-element_type=\"widget\" data-widget_type=\"pxl_text_editor.default\">\n\t\t\t\t<div class=\"elementor-widget-container\">\n\t\t\t\t\t<div class=\"pxl-text-editor\">\n\t<div class=\"pxl-text-editor__inner\" data-wow-delay=\"ms\" >\n\t\t<p class=\"svelte-121hp7c\" dir=\"auto\" data--h-bstatus=\"0OBSERVED\">Emportez vos fichiers partout avec les applications mobiles pour iOS et Android. Affichez, partagez et collaborez sur des documents directement depuis votre t\u00e9l\u00e9phone ou tablette. Recevez des notifications en temps r\u00e9el, synchronisez les fichiers en d\u00e9placement et ne manquez jamais de mise \u00e0 jour \u2014 au bureau, \u00e0 la maison ou en voyage.<\/p>\t\t\n\t<\/div>\n<\/div>\t\t\t\t<\/div>\n\t\t\t\t<\/div>\n\t\t\t\t<div class=\"elementor-element elementor-element-dea4f8f elementor-widget elementor-widget-pxl_image\" data-id=\"dea4f8f\" data-element_type=\"widget\" data-widget_type=\"pxl_image.default\">\n\t\t\t\t<div class=\"elementor-widget-container\">\n\t\t\t\t\t<div id=\"pxl_image-dea4f8f-8179\" class=\"pxl-image pxl-disable-parallax-sm\" data-wow-delay=\"ms\"   >\r\n    <div class=\"pxl-image__inner\" data-wow-delay=\"120ms\">\r\n                \r\n                                <div class=\"pxl-image__item\"   >\r\n                                                                            <img decoding=\"async\" width=\"1000\" height=\"667\" src=\"https:\/\/sahabdrive.com\/wp-content\/uploads\/2025\/08\/mobile_work.jpg\" class=\"no-lazyload attachment-full\" alt=\"Mobile work.jpg\" \/>                                                                    <\/div>\r\n                                <\/div>\r\n<\/div>\t\t\t\t<\/div>\n\t\t\t\t<\/div>\n\t\t\t\t<\/div>\r\n\t\t\t\t<\/div>\r\n\t\t\t\t\t<\/div>\r\n\t\t\t\t<\/div>\r\n\t\t\t\t<\/div>","protected":false},"excerpt":{"rendered":"<p>Highlights Our Story Team Join Us Desktop Syncing Clients Powerful syncing, right at your desktop Desktop clients bring the power of cloud storage directly to your computer. Sync files and folders seamlessly across Windows, Mac, and Linux. Access, edit, and organize your files locally \u2014 all changes are automatically updated in the cloud. Stay productive&#8230;<\/p>","protected":false},"author":1,"featured_media":0,"parent":0,"menu_order":0,"comment_status":"closed","ping_status":"closed","template":"","meta":{"om_disable_all_campaigns":false,"inline_featured_image":false,"_monsterinsights_skip_tracking":false,"_monsterinsights_sitenote_active":false,"_monsterinsights_sitenote_note":"","_monsterinsights_sitenote_category":0,"_themeisle_gutenberg_block_has_review":false,"slim_seo":{"title":"Download - SahabDrive","description":"Highlights Our Story Team Join Us Desktop Syncing Clients Powerful syncing, right at your desktop Desktop clients bring the power of cloud storage directly to y"},"footnotes":""},"class_list":["post-11881","page","type-page","status-publish","hentry"],"acf":[],"jetpack_sharing_enabled":true,"_links":{"self":[{"href":"https:\/\/sahabdrive.com\/fr\/wp-json\/wp\/v2\/pages\/11881","targetHints":{"allow":["GET"]}}],"collection":[{"href":"https:\/\/sahabdrive.com\/fr\/wp-json\/wp\/v2\/pages"}],"about":[{"href":"https:\/\/sahabdrive.com\/fr\/wp-json\/wp\/v2\/types\/page"}],"author":[{"embeddable":true,"href":"https:\/\/sahabdrive.com\/fr\/wp-json\/wp\/v2\/users\/1"}],"replies":[{"embeddable":true,"href":"https:\/\/sahabdrive.com\/fr\/wp-json\/wp\/v2\/comments?post=11881"}],"version-history":[{"count":38,"href":"https:\/\/sahabdrive.com\/fr\/wp-json\/wp\/v2\/pages\/11881\/revisions"}],"predecessor-version":[{"id":12481,"href":"https:\/\/sahabdrive.com\/fr\/wp-json\/wp\/v2\/pages\/11881\/revisions\/12481"}],"wp:attachment":[{"href":"https:\/\/sahabdrive.com\/fr\/wp-json\/wp\/v2\/media?parent=11881"}],"curies":[{"name":"wp","href":"https:\/\/api.w.org\/{rel}","templated":true}]}}